{"id":521,"date":"2019-07-02T12:40:01","date_gmt":"2019-07-02T10:40:01","guid":{"rendered":"http:\/\/wordpress-marc-stone.p614687.webspaceconfig.de\/?page_id=521"},"modified":"2019-07-03T07:04:46","modified_gmt":"2019-07-03T05:04:46","slug":"unterstuetzung","status":"publish","type":"page","link":"https:\/\/dj-marc-stone.com\/de\/unterstuetzung\/","title":{"rendered":"Support"},"content":{"rendered":"<p>Ihr habt Lust mich zu unterst\u00fctzen?<br \/>\nWollt euch f\u00fcr eine mega Party zusammen mit mir bedanken? Oder seid einfach nett und findet es klasse wie ich arbeite?<\/p>\n<p>Hier habt ihr die M\u00f6glichkeit und k\u00f6nnt einfach meine Plattensammlung erweitern oder mir n\u00fctzliche Dinge bestellen, welche ich gut gebrauchen kann.<\/p>\n<p>Hier geht es zu meiner Amazon Wunschliste:<\/p>\n<p><a href=\"https:\/\/www.amazon.de\/hz\/wishlist\/ls\/TOF6686WAPK1?ref_=wl_share\" target=\"_blank\" rel=\"noopener noreferrer\">https:\/\/www.amazon.de\/hz\/wishlist\/ls\/TOF6686WAPK1?ref_=wl_share<\/a><\/p>","protected":false},"excerpt":{"rendered":"<p>Ihr habt Lust mich zu unterst\u00fctzen? Wollt euch f\u00fcr eine mega Party zusammen mit mir bedanken? Oder seid einfach nett und findet es klasse wie ich arbeite? Hier habt ihr die M\u00f6glichkeit und k\u00f6nnt einfach meine Plattensammlung erweitern oder mir n\u00fctzliche Dinge bestellen, welche ich gut gebrauchen kann. Hier geht es zu meiner Amazon Wunschliste: &hellip; <\/p>\n<p class=\"link-more\"><a href=\"https:\/\/dj-marc-stone.com\/de\/unterstuetzung\/\" class=\"more-link\"><span class=\"screen-reader-text\">\u201eSupport\u201c<\/span> weiterlesen<\/a><\/p>\n","protected":false},"author":1,"featured_media":0,"parent":0,"menu_order":0,"comment_status":"closed","ping_status":"closed","template":"","meta":{"footnotes":""},"class_list":["post-521","page","type-page","status-publish","hentry"],"_links":{"self":[{"href":"https:\/\/dj-marc-stone.com\/de\/wp-json\/wp\/v2\/pages\/521","targetHints":{"allow":["GET"]}}],"collection":[{"href":"https:\/\/dj-marc-stone.com\/de\/wp-json\/wp\/v2\/pages"}],"about":[{"href":"https:\/\/dj-marc-stone.com\/de\/wp-json\/wp\/v2\/types\/page"}],"author":[{"embeddable":true,"href":"https:\/\/dj-marc-stone.com\/de\/wp-json\/wp\/v2\/users\/1"}],"replies":[{"embeddable":true,"href":"https:\/\/dj-marc-stone.com\/de\/wp-json\/wp\/v2\/comments?post=521"}],"version-history":[{"count":8,"href":"https:\/\/dj-marc-stone.com\/de\/wp-json\/wp\/v2\/pages\/521\/revisions"}],"predecessor-version":[{"id":531,"href":"https:\/\/dj-marc-stone.com\/de\/wp-json\/wp\/v2\/pages\/521\/revisions\/531"}],"wp:attachment":[{"href":"https:\/\/dj-marc-stone.com\/de\/wp-json\/wp\/v2\/media?parent=521"}],"curies":[{"name":"wp","href":"https:\/\/api.w.org\/{rel}","templated":true}]}}