{"id":142,"date":"2017-08-07T14:42:53","date_gmt":"2017-08-07T12:42:53","guid":{"rendered":"http:\/\/wordpress-marc-stone.p614687.webspaceconfig.de\/?page_id=142"},"modified":"2018-09-18T15:17:18","modified_gmt":"2018-09-18T13:17:18","slug":"booking","status":"publish","type":"page","link":"https:\/\/dj-marc-stone.com\/de\/booking\/","title":{"rendered":"Booking"},"content":{"rendered":"<p>Bei Anfragen k\u00f6nnt Ihr einfach eine E-Mail an:<\/p>\n<p><a href=\"mailto:booking@wordpress-marc-stone.p614687.webspaceconfig.de\">booking@wordpress-marc-stone.p614687.webspaceconfig.de<\/a><\/p>\n<p>schicken oder das untenstehende Formular ausf\u00fcllen.<br \/>\nWir geben uns M\u00fche, alle Nachrichten innerhalb von 24 Stunden zu beantworten.<\/p>\n<p>Bitte habt Verst\u00e4ndnis daf\u00fcr, dass ich momentan nicht direkt telefonisch zu erreichen bin. Solltet Ihr allerdings lieber ein pers\u00f6nliches Gespr\u00e4ch w\u00fcnschen, werde ich euch nat\u00fcrlich auch gern zur\u00fcckrufen.<\/p>\n<p>Beachtet bitte au\u00dferdem, dass wenn Ihr direkt Preise haben wollt, ihr die Angaben so genau wie m\u00f6glich macht.<\/p>\n<p>Wichtiger Faktor hierbei ist nat\u00fcrlich:<\/p>\n<ul>\n<li>Um was f\u00fcr ein Event handelt es sich?<\/li>\n<li>Wo findet das Event statt?<\/li>\n<li>Wird Technik gestellt oder muss diese selber gestellt werden? (Eine eigene technische Umsetzung findet lediglich bei privaten Veranstaltungen statt)<\/li>\n<\/ul>\n<p>&nbsp;<\/p>\n<p>\n<div class=\"wpcf7 no-js\" id=\"wpcf7-f144-o1\" lang=\"de-DE\" dir=\"ltr\" data-wpcf7-id=\"144\">\n<div class=\"screen-reader-response\"><p role=\"status\" aria-live=\"polite\" aria-atomic=\"true\"><\/p> <ul><\/ul><\/div>\n<form action=\"\/de\/wp-json\/wp\/v2\/pages\/142#wpcf7-f144-o1\" method=\"post\" class=\"wpcf7-form init\" aria-label=\"Kontaktformular\" novalidate=\"novalidate\" data-status=\"init\">\n<fieldset class=\"hidden-fields-container\"><input type=\"hidden\" name=\"_wpcf7\" value=\"144\" \/><input type=\"hidden\" name=\"_wpcf7_version\" value=\"6.1.1\" \/><input type=\"hidden\" name=\"_wpcf7_locale\" value=\"de_DE\" \/><input type=\"hidden\" name=\"_wpcf7_unit_tag\" value=\"wpcf7-f144-o1\" \/><input type=\"hidden\" name=\"_wpcf7_container_post\" value=\"0\" \/><input type=\"hidden\" name=\"_wpcf7_posted_data_hash\" value=\"\" \/>\n<\/fieldset>\n<p><label> Ihr Name (Pflichtfeld)<br \/>\n<span class=\"wpcf7-form-control-wrap\" data-name=\"your-name\"><input size=\"40\" maxlength=\"400\" class=\"wpcf7-form-control wpcf7-text wpcf7-validates-as-required\" aria-required=\"true\" aria-invalid=\"false\" value=\"\" type=\"text\" name=\"your-name\" \/><\/span> <\/label>\n<\/p>\n<p><label> Ihre E-Mail-Adresse (Pflichtfeld)<br \/>\n<span class=\"wpcf7-form-control-wrap\" data-name=\"your-email\"><input size=\"40\" maxlength=\"400\" class=\"wpcf7-form-control wpcf7-email wpcf7-validates-as-required wpcf7-text wpcf7-validates-as-email\" aria-required=\"true\" aria-invalid=\"false\" value=\"\" type=\"email\" name=\"your-email\" \/><\/span> <\/label>\n<\/p>\n<p><label> Ihre Telefonnummer<br \/>\n<span class=\"wpcf7-form-control-wrap\" data-name=\"IhreTelefonnummer\"><input size=\"40\" maxlength=\"400\" class=\"wpcf7-form-control wpcf7-tel wpcf7-validates-as-required wpcf7-text wpcf7-validates-as-tel\" aria-required=\"true\" aria-invalid=\"false\" value=\"\" type=\"tel\" name=\"IhreTelefonnummer\" \/><\/span> <\/label>\n<\/p>\n<p><label> Art der Veranstaltung<br \/>\n<span class=\"wpcf7-form-control-wrap\" data-name=\"BetreffderAnfrage\"><select class=\"wpcf7-form-control wpcf7-select wpcf7-validates-as-required\" aria-required=\"true\" aria-invalid=\"false\" name=\"BetreffderAnfrage\"><option value=\"\">&#8211; Bitte ausw\u00e4hlen &#8211;<\/option><option value=\"Private Feier\">Private Feier<\/option><option value=\"Club\">Club<\/option><option value=\"Gro\u00dfveranstaltung\">Gro\u00dfveranstaltung<\/option><option value=\"Festival\">Festival<\/option><\/select><\/span> <\/label>\n<\/p>\n<p><label> Ihre Nachricht<br \/>\n<span class=\"wpcf7-form-control-wrap\" data-name=\"your-message\"><textarea cols=\"40\" rows=\"10\" maxlength=\"2000\" class=\"wpcf7-form-control wpcf7-textarea\" aria-invalid=\"false\" name=\"your-message\"><\/textarea><\/span> <\/label>\n<\/p>\n<p><span id=\"wpcf7-69d8dcf7297af-wrapper\" class=\"wpcf7-form-control-wrap Mail-491-wrap\" style=\"display:none !important; visibility:hidden !important;\"><input type=\"hidden\" name=\"Mail-491-time-start\" value=\"1775820023\"><input type=\"hidden\" name=\"Mail-491-time-check\" value=\"4\"><label for=\"wpcf7-69d8dcf7297af-field\" class=\"hp-message\">Bitte lasse dieses Feld leer.<\/label><input id=\"wpcf7-69d8dcf7297af-field\"  class=\"wpcf7-form-control wpcf7-text\" type=\"text\" name=\"Mail-491\" value=\"\" size=\"40\" tabindex=\"-1\" autocomplete=\"new-password\" \/><\/span><br \/>\n<input class=\"wpcf7-form-control wpcf7-submit has-spinner\" type=\"submit\" value=\"Senden\" \/>\n<\/p><div class=\"wpcf7-response-output\" aria-hidden=\"true\"><\/div>\n<\/form>\n<\/div>\n<\/p>","protected":false},"excerpt":{"rendered":"<p>Bei Anfragen k\u00f6nnt Ihr einfach eine E-Mail an: booking@wordpress-marc-stone.p614687.webspaceconfig.de schicken oder das untenstehende Formular ausf\u00fcllen. Wir geben uns M\u00fche, alle Nachrichten innerhalb von 24 Stunden zu beantworten. Bitte habt Verst\u00e4ndnis daf\u00fcr, dass ich momentan nicht direkt telefonisch zu erreichen bin. Solltet Ihr allerdings lieber ein pers\u00f6nliches Gespr\u00e4ch w\u00fcnschen, werde ich euch nat\u00fcrlich auch gern zur\u00fcckrufen. &hellip; <\/p>\n<p class=\"link-more\"><a href=\"https:\/\/dj-marc-stone.com\/de\/booking\/\" class=\"more-link\"><span class=\"screen-reader-text\">\u201eBooking\u201c<\/span> weiterlesen<\/a><\/p>\n","protected":false},"author":1,"featured_media":0,"parent":0,"menu_order":0,"comment_status":"closed","ping_status":"closed","template":"","meta":{"footnotes":""},"class_list":["post-142","page","type-page","status-publish","hentry"],"_links":{"self":[{"href":"https:\/\/dj-marc-stone.com\/de\/wp-json\/wp\/v2\/pages\/142","targetHints":{"allow":["GET"]}}],"collection":[{"href":"https:\/\/dj-marc-stone.com\/de\/wp-json\/wp\/v2\/pages"}],"about":[{"href":"https:\/\/dj-marc-stone.com\/de\/wp-json\/wp\/v2\/types\/page"}],"author":[{"embeddable":true,"href":"https:\/\/dj-marc-stone.com\/de\/wp-json\/wp\/v2\/users\/1"}],"replies":[{"embeddable":true,"href":"https:\/\/dj-marc-stone.com\/de\/wp-json\/wp\/v2\/comments?post=142"}],"version-history":[{"count":17,"href":"https:\/\/dj-marc-stone.com\/de\/wp-json\/wp\/v2\/pages\/142\/revisions"}],"predecessor-version":[{"id":445,"href":"https:\/\/dj-marc-stone.com\/de\/wp-json\/wp\/v2\/pages\/142\/revisions\/445"}],"wp:attachment":[{"href":"https:\/\/dj-marc-stone.com\/de\/wp-json\/wp\/v2\/media?parent=142"}],"curies":[{"name":"wp","href":"https:\/\/api.w.org\/{rel}","templated":true}]}}